{"id":1696,"date":"2024-08-27T17:51:58","date_gmt":"2024-08-27T17:51:58","guid":{"rendered":"https:\/\/royalhouseofbourbontwosicilies.com\/%e8%81%96%e8%b2%bb%e8%bf%aa%e5%8d%97%e5%be%b7%e5%92%8c%e5%8a%9f%e7%b8%be%e5%82%91%e5%87%ba%e7%8e%8b%e5%ae%a4%e9%a8%8e%e5%a3%ab%e5%9c%98\/"},"modified":"2024-10-04T17:02:02","modified_gmt":"2024-10-04T17:02:02","slug":"%e8%81%96%e8%b2%bb%e8%bf%aa%e5%8d%97%e5%be%b7%e5%92%8c%e5%8a%9f%e7%b8%be%e5%82%91%e5%87%ba%e7%8e%8b%e5%ae%a4%e9%a8%8e%e5%a3%ab%e5%9c%98","status":"publish","type":"page","link":"https:\/\/royalhouseofbourbontwosicilies.com\/zh-hant\/%e8%81%96%e8%b2%bb%e8%bf%aa%e5%8d%97%e5%be%b7%e5%92%8c%e5%8a%9f%e7%b8%be%e5%82%91%e5%87%ba%e7%8e%8b%e5%ae%a4%e9%a8%8e%e5%a3%ab%e5%9c%98\/","title":{"rendered":"\u8056\u8cbb\u8fea\u5357\u5fb7\u548c\u529f\u7e3e\u5091\u51fa\u738b\u5ba4\u9a0e\u58eb\u5718"},"content":{"rendered":"\t\t<div data-elementor-type=\"wp-page\" data-elementor-id=\"1696\" class=\"elementor elementor-1696 elementor-94\" data-elementor-post-type=\"page\">\n\t\t\t\t<div class=\"elementor-element elementor-element-e78fe1f e-flex e-con-boxed e-con e-parent\" data-id=\"e78fe1f\" data-element_type=\"container\" data-settings=\"{&quot;background_background&quot;:&quot;classic&quot;}\">\n\t\t\t\t\t<div class=\"e-con-inner\">\n\t\t\t\t<div class=\"elementor-element elementor-element-1810e10 elementor-widget elementor-widget-heading\" data-id=\"1810e10\" data-element_type=\"widget\" data-widget_type=\"heading.default\">\n\t\t\t\t<div class=\"elementor-widget-container\">\n\t\t\t<h2 class=\"elementor-heading-title elementor-size-default\">\u9a0e\u58eb\u5718<\/h2>\t\t<\/div>\n\t\t\t\t<\/div>\n\t\t\t\t\t<\/div>\n\t\t\t\t<\/div>\n\t\t<div class=\"elementor-element elementor-element-d5099bc elementor-hidden-desktop elementor-hidden-tablet elementor-hidden-mobile e-flex e-con-boxed e-con e-parent\" data-id=\"d5099bc\" data-element_type=\"container\">\n\t\t\t\t\t<div class=\"e-con-inner\">\n\t\t\t\t<div class=\"elementor-element elementor-element-2469eda elementor-widget elementor-widget-text-editor\" data-id=\"2469eda\" data-element_type=\"widget\" data-widget_type=\"text-editor.default\">\n\t\t\t\t<div class=\"elementor-widget-container\">\n\t\t\t\t\t\t\t\u8056\u8cbb\u8fea\u5357\u5fb7\u548c\u529f\u7e3e\u738b\u5ba4\u9a0e\u58eb\u5718\t\t\t\t\t\t<\/div>\n\t\t\t\t<\/div>\n\t\t\t\t<div class=\"elementor-element elementor-element-a0947cf elementor-widget elementor-widget-text-editor\" data-id=\"a0947cf\" data-element_type=\"widget\" data-widget_type=\"text-editor.default\">\n\t\t\t\t<div class=\"elementor-widget-container\">\n\t\t\t\t\t\t\t<h2>\u8056\u8cbb\u8fea\u5357\u5fb7\u548c\u529f\u7e3e\u738b\u5ba4\u9a0e\u58eb\u5718<\/h2>\t\t\t\t\t\t<\/div>\n\t\t\t\t<\/div>\n\t\t\t\t\t<\/div>\n\t\t\t\t<\/div>\n\t\t<div class=\"elementor-element elementor-element-0282705 e-con-full e-flex e-con e-parent\" data-id=\"0282705\" data-element_type=\"container\" data-settings=\"{&quot;background_background&quot;:&quot;classic&quot;}\">\n\t\t<div class=\"elementor-element elementor-element-06683d0 e-con-full e-flex e-con e-child\" data-id=\"06683d0\" data-element_type=\"container\">\n\t\t\t\t<div class=\"elementor-element elementor-element-33b6366 elementor-widget elementor-widget-heading\" data-id=\"33b6366\" data-element_type=\"widget\" data-widget_type=\"heading.default\">\n\t\t\t\t<div class=\"elementor-widget-container\">\n\t\t\t<h1 class=\"elementor-heading-title elementor-size-default\">\u8056\u8cbb\u8fea\u5357\u5fb7\u548c\u529f\u7e3e\u5091\u51fa\u738b\u5ba4\u9a0e\u58eb\u5718<\/h1>\t\t<\/div>\n\t\t\t\t<\/div>\n\t\t\t\t<div class=\"elementor-element elementor-element-37da6c0 elementor-widget elementor-widget-text-editor\" data-id=\"37da6c0\" data-element_type=\"widget\" data-widget_type=\"text-editor.default\">\n\t\t\t\t<div class=\"elementor-widget-container\">\n\t\t\t\t\t\t\t<p>\u8056\u8cbb\u8fea\u5357\u5fb7\u548c\u529f\u7e3e\u738b\u5ba4\u9a0e\u58eb\u5718\u52f3\u7ae0\u65bc 1800 \u5e74 4 \u6708 1 \u65e5\u7531\u90a3\u4e0d\u52d2\u65af\u548c\u897f\u897f\u91cc\u570b\u738b\u8cbb\u8fea\u5357\u5fb7\u56db\u4e16\u8a2d\u7acb\uff0c\u65e8\u5728\u734e\u52f5\u90a3\u4e9b\u70ba\u738b\u5ba4\u9996\u8166\u548c\u738b\u5ba4\u505a\u51fa\u91cd\u8981\u8ca2\u737b\u4e26\u8868\u73fe\u51fa\u975e\u51e1\u5fe0\u8aa0\u7684\u4eba\u58eb\u3002<br \/>1810 \u5e74\uff0c\u570b\u738b\u6539\u9769\u4e86\u5176\u6cd5\u898f\u3002<\/p>\t\t\t\t\t\t<\/div>\n\t\t\t\t<\/div>\n\t\t\t\t<\/div>\n\t\t<div class=\"elementor-element elementor-element-a293854 e-con-full e-flex e-con e-child\" data-id=\"a293854\" data-element_type=\"container\">\n\t\t\t\t<div class=\"elementor-element elementor-element-47cca21 elementor-widget elementor-widget-image\" data-id=\"47cca21\" data-element_type=\"widget\" data-widget_type=\"image.default\">\n\t\t\t\t<div class=\"elementor-widget-container\">\n\t\t\t\t\t\t\t\t\t\t\t\t\t<img fetchpriority=\"high\" decoding=\"async\" width=\"600\" height=\"747\" src=\"https:\/\/royalhouseofbourbontwosicilies.com\/wp-content\/uploads\/2024\/08\/ordinei-cavallereschi-insigne-real-ordine-di-san-ferdinando-e-del-merito.jpg\" class=\"attachment-full size-full wp-image-616\" alt=\"\" srcset=\"https:\/\/royalhouseofbourbontwosicilies.com\/wp-content\/uploads\/2024\/08\/ordinei-cavallereschi-insigne-real-ordine-di-san-ferdinando-e-del-merito.jpg 600w, https:\/\/royalhouseofbourbontwosicilies.com\/wp-content\/uploads\/2024\/08\/ordinei-cavallereschi-insigne-real-ordine-di-san-ferdinando-e-del-merito-241x300.jpg 241w\" sizes=\"(max-width: 600px) 100vw, 600px\" \/>\t\t\t\t\t\t\t\t\t\t\t\t\t<\/div>\n\t\t\t\t<\/div>\n\t\t\t\t<\/div>\n\t\t\t\t<\/div>\n\t\t<div class=\"elementor-element elementor-element-2adfcf64 e-flex e-con-boxed e-con e-parent\" data-id=\"2adfcf64\" data-element_type=\"container\">\n\t\t\t\t\t<div class=\"e-con-inner\">\n\t\t\t\t<div class=\"elementor-element elementor-element-9bafeaf elementor-widget elementor-widget-text-editor\" data-id=\"9bafeaf\" data-element_type=\"widget\" data-widget_type=\"text-editor.default\">\n\t\t\t\t<div class=\"elementor-widget-container\">\n\t\t\t\t\t\t\t<p>\u9a0e\u58eb\u5718\u5206\u70ba\u4e09\u500b\u7b49\u7d1a\uff1a\u5927\u5341\u5b57\u9a0e\u58eb\uff0c\u6709\u9472\u5d4c\u7269\u3001\u5341\u5b57\u67b6\u548c\u76e4\u5b50\uff1b\u9a0e\u58eb\u6307\u63ee\u5b98\uff0c\u6709\u9838\u90e8\u7d72\u5e36\u548c\u5341\u5b57\u67b6\uff1b\u9a0e\u58eb\uff0c\u7d10\u6263\u4e0a\u6709\u7d72\u5e36\u548c\u5341\u5b57\u3002<\/p><p>\u4e5f\u6709\u90a3\u4e9b\u7528\u91d1\u8cea\u548c\u9280\u8cea\u734e\u7ae0\u88dd\u98fe\u7684\u3002<\/p><p>\u88dd\u98fe\u7531\u523b\u6709\u8056\u8cbb\u8fea\u5357\u5fb7\u5716\u50cf\u7684\u91d1\u8272\u5713\u5f62\u76fe\u724c\u7d44\u6210\uff0c\u908a\u7de3\u662f\u523b\u6709\u300cFIDEI ET MERITO\u300d\u5b57\u6a23\u7684\u85cd\u8272\u743a\u746f\u5713\u76e4\uff0c\u5468\u570d\u6709\u516d\u6735\u91d1\u8272\u5149\u8292\uff0c\u908a\u7de3\u662f\u516d\u6735\u767d\u8272\u743a\u746f\u767e\u5408\u82b1\u3002\u738b\u5ba4\u7687\u51a0\u4f4d\u65bc\u5176\u4e4b\u4e0a\u3002<br \/>\u5728\u5713\u5f62\u76fe\u724c\u7684\u53cd\u9762\u4e2d\u592e\uff0c\u523b\u6709\u300cFERD. IV. INST: ANNO 1800\u300d\u3002<\/p><p>\u7d72\u5e36\u70ba\u85cd\u8272\uff0c\u908a\u7de3\u70ba\u6df1\u7d05\u8272\u3002<\/p><p>\u73fe\u5728\u7684<strong>\u5927\u5718\u9577<\/strong>\u662f<strong><a href=\"https:\/\/royalhouseofbourbontwosicilies.com\/zh-hant\/%e6%b3%a2%e6%97%81%e5%85%a9%e8%a5%bf%e8%a5%bf%e9%87%8c%e7%9a%84%e5%a4%8f%e7%88%be%e7%8e%8b%e5%ad%90%e6%ae%bf%e4%b8%8b\/\">\u6ce2\u65c1\u5169\u897f\u897f\u91cc\u7684\u590f\u723e\u738b\u5b50\u6bbf\u4e0b<\/a>\uff0c\u5361\u65af\u695a\u516c\u7235<\/strong>\u3002<\/p><p>\u77ad\u89e3\u6709\u95dc<span style=\"color: var( --e-global-color-text ); text-align: var(--text-align);\">\u6ce2\u65c1\u5169\u897f\u897f\u91cc\u738b\u5ba4\u6b77\u53f2\u7684\u66f4\u591a\u8cc7\u8a0a\uff0c\u6309\u4e00\u4e0b<a href=\"https:\/\/realcasadiborbone.it\/en\/history\" target=\"_blank\" rel=\"noopener\">\u9019\u88e1<\/a><\/span><\/p>\t\t\t\t\t\t<\/div>\n\t\t\t\t<\/div>\n\t\t\t\t\t<\/div>\n\t\t\t\t<\/div>\n\t\t<div class=\"elementor-element elementor-element-8d081eb elementor-hidden-desktop elementor-hidden-tablet elementor-hidden-mobile e-flex e-con-boxed e-con e-parent\" data-id=\"8d081eb\" data-element_type=\"container\">\n\t\t\t\t\t<div class=\"e-con-inner\">\n\t\t\t\t<div class=\"elementor-element elementor-element-be75ed2 elementor-widget elementor-widget-text-editor\" data-id=\"be75ed2\" data-element_type=\"widget\" data-widget_type=\"text-editor.default\">\n\t\t\t\t<div class=\"elementor-widget-container\">\n\t\t\t\t\t\t\tSh\u00e8ng f\u00e8id\u00edn\u00e1nd\u00e9 h\u00e9 g\u014dngj\u012b w\u00e1ngsh\u00ec q\u00edsh\u00ec tu\u00e1n x\u016bnzh\u0101ng y\u00fa 1800 ni\u00e1n 4 yu\u00e8 1 r\u00ec y\u00f3u n\u00e0b\u00f9l\u00e8s\u012b h\u00e9 x\u012bx\u012bl\u01d0 gu\u00f3w\u00e1ng f\u00e8id\u00edn\u00e1nd\u00e9 s\u00ec sh\u00ec sh\u00e8l\u00ec, zh\u01d0 z\u00e0i ji\u01cengl\u00ec n\u00e0xi\u0113 w\u00e8i w\u00e1ngsh\u00ec sh\u01d2un\u01ceo h\u00e9 w\u00e1ngsh\u00ec zu\u00f2 ch\u016b ch\u00f3ng y\u00e0o g\u00f2ngxi\u00e0n b\u00ecng bi\u01ceoxi\u00e0n ch\u016b f\u0113if\u00e1n zh\u014dngch\u00e9ng de r\u00e9nsh\u00ec.\n1810 Ni\u00e1n, gu\u00f3w\u00e1ng g\u01ceig\u00e9le q\u00ed f\u01cegu\u012b.\t\t\t\t\t\t<\/div>\n\t\t\t\t<\/div>\n\t\t\t\t<div class=\"elementor-element elementor-element-e888316 elementor-widget elementor-widget-text-editor\" data-id=\"e888316\" data-element_type=\"widget\" data-widget_type=\"text-editor.default\">\n\t\t\t\t<div class=\"elementor-widget-container\">\n\t\t\t\t\t\t\tQ\u00edsh\u00ec tu\u00e1n f\u0113n w\u00e9i s\u0101n g\u00e8 d\u011bngj\u00ed: D\u00e0 sh\u00edz\u00ec q\u00edsh\u00ec, y\u01d2u xi\u0101ngqi\u00e0n w\u00f9, sh\u00edz\u00ecji\u00e0 h\u00e9 p\u00e1nzi; q\u00edsh\u00ec zh\u01d0hu\u012b gu\u0101n, y\u01d2u j\u01d0ng b\u00f9 s\u012bd\u00e0i h\u00e9 sh\u00edz\u00ecji\u00e0; q\u00edsh\u00ec, ni\u01d4k\u00f2u sh\u00e0ng y\u01d2u s\u012bd\u00e0i h\u00e9 sh\u00edz\u00ec.\n\nY\u011by\u01d2u n\u00e0xi\u0113 y\u00f2ng j\u012bn zh\u00ed h\u00e9 y\u00edn zh\u00ed ji\u01cengzh\u0101ng zhu\u0101ngsh\u00ec de.\n\nZhu\u0101ngsh\u00ec y\u00f3u k\u00e8 y\u01d2u sh\u00e8ng f\u00e8id\u00edn\u00e1nd\u00e9 t\u00fa xi\u00e0ng de j\u012bns\u00e8 yu\u00e1n x\u00edng d\u00f9np\u00e1i z\u01d4ch\u00e9ng, bi\u0101nyu\u00e1n sh\u00ec k\u00e8 y\u01d2u `FIDEI ET MERITO&#8217;z\u00ecy\u00e0ng de l\u00e1n s\u00e8 f\u00e0l\u00e1ng yu\u00e1n p\u00e1n, zh\u014duw\u00e9i y\u01d2u li\u00f9 du\u01d2 j\u012bns\u00e8 gu\u0101ngm\u00e1ng, bi\u0101nyu\u00e1n sh\u00ec li\u00f9 du\u01d2 b\u00e1is\u00e8 f\u00e0l\u00e1ng b\u01ceih\u00e9 hu\u0101. W\u00e1ngsh\u00ec hu\u00e1nggu\u00e0n w\u00e8iy\u00fa q\u00ed zh\u012b sh\u00e0ng.\nZ\u00e0i yu\u00e1n x\u00edng d\u00f9np\u00e1i de f\u01cenmi\u00e0n zh\u014dngy\u0101ng, k\u00e8 y\u01d2u `FERD. IV. INST: ANNO 1800&#8242;.\n\nS\u012bd\u00e0i w\u00e8i l\u00e1n s\u00e8, bi\u0101nyu\u00e1n w\u00e8i sh\u0113n h\u00f3ngs\u00e8.\n\nXi\u00e0nz\u00e0i de d\u00e0 tu\u00e1n zh\u01ceng sh\u00ec b\u014d p\u00e1ng li\u01ceng x\u012bx\u012bl\u01d0 de xi\u00e0 \u011br w\u00e1ngz\u01d0 di\u00e0nxi\u00e0, k\u01ce s\u012b ch\u01d4 g\u014dngju\u00e9.\n\nLi\u00e0oji\u011b y\u01d2ugu\u0101n b\u014d p\u00e1ng li\u01ceng x\u012bx\u012bl\u01d0 w\u00e1ngsh\u00ec l\u00ecsh\u01d0 de g\u00e8ng du\u014d z\u012bx\u00f9n, \u00e0n y\u012bxi\u00e0 zh\u00e8l\u01d0\t\t\t\t\t\t<\/div>\n\t\t\t\t<\/div>\n\t\t\t\t<div class=\"elementor-element elementor-element-0a65ce8 elementor-widget elementor-widget-text-editor\" data-id=\"0a65ce8\" data-element_type=\"widget\" data-widget_type=\"text-editor.default\">\n\t\t\t\t<div class=\"elementor-widget-container\">\n\t\t\t\t\t\t\tQ\u00edsh\u00ec tu\u00e1n f\u0113n w\u00e9i s\u0101n g\u00e8 d\u011bngj\u00ed: D\u00e0 sh\u00edz\u00ec q\u00edsh\u00ec, y\u01d2u xi\u0101ngqi\u00e0n w\u00f9, sh\u00edz\u00ecji\u00e0 h\u00e9 p\u00e1nzi; q\u00edsh\u00ec zh\u01d0hu\u012b gu\u0101n, y\u01d2u j\u01d0ng b\u00f9 s\u012bd\u00e0i h\u00e9 sh\u00edz\u00ecji\u00e0; q\u00edsh\u00ec, ni\u01d4k\u00f2u sh\u00e0ng y\u01d2u s\u012bd\u00e0i h\u00e9 sh\u00edz\u00ec.\n\nY\u011by\u01d2u n\u00e0xi\u0113 y\u00f2ng j\u012bn zh\u00ed h\u00e9 y\u00edn zh\u00ed ji\u01cengzh\u0101ng zhu\u0101ngsh\u00ec de.\n\nZhu\u0101ngsh\u00ec y\u00f3u k\u00e8 y\u01d2u sh\u00e8ng f\u00e8id\u00edn\u00e1nd\u00e9 t\u00fa xi\u00e0ng de j\u012bns\u00e8 yu\u00e1n x\u00edng d\u00f9np\u00e1i z\u01d4ch\u00e9ng, bi\u0101nyu\u00e1n sh\u00ec k\u00e8 y\u01d2u `FIDEI ET MERITO&#8217;z\u00ecy\u00e0ng de l\u00e1n s\u00e8 f\u00e0l\u00e1ng yu\u00e1n p\u00e1n, zh\u014duw\u00e9i y\u01d2u li\u00f9 du\u01d2 j\u012bns\u00e8 gu\u0101ngm\u00e1ng, bi\u0101nyu\u00e1n sh\u00ec li\u00f9 du\u01d2 b\u00e1is\u00e8 f\u00e0l\u00e1ng b\u01ceih\u00e9 hu\u0101. W\u00e1ngsh\u00ec hu\u00e1nggu\u00e0n w\u00e8iy\u00fa q\u00ed zh\u012b sh\u00e0ng.\nZ\u00e0i yu\u00e1n x\u00edng d\u00f9np\u00e1i de f\u01cenmi\u00e0n zh\u014dngy\u0101ng, k\u00e8 y\u01d2u `FERD. IV. INST: ANNO 1800&#8242;.\n\nS\u012bd\u00e0i w\u00e8i l\u00e1n s\u00e8, bi\u0101nyu\u00e1n w\u00e8i sh\u0113n h\u00f3ngs\u00e8.\n\nXi\u00e0nz\u00e0i de d\u00e0 tu\u00e1n zh\u01ceng sh\u00ec b\u014d p\u00e1ng li\u01ceng x\u012bx\u012bl\u01d0 de xi\u00e0 \u011br w\u00e1ngz\u01d0 di\u00e0nxi\u00e0, k\u01ce s\u012b ch\u01d4 g\u014dngju\u00e9.\n\nLi\u00e0oji\u011b y\u01d2ugu\u0101n b\u014d p\u00e1ng li\u01ceng x\u012bx\u012bl\u01d0 w\u00e1ngsh\u00ec l\u00ecsh\u01d0 de g\u00e8ng du\u014d z\u012bx\u00f9n, \u00e0n y\u012bxi\u00e0 zh\u00e8l\u01d0\t\t\t\t\t\t<\/div>\n\t\t\t\t<\/div>\n\t\t\t\t<div class=\"elementor-element elementor-element-2592a35 elementor-widget elementor-widget-text-editor\" data-id=\"2592a35\" data-element_type=\"widget\" data-widget_type=\"text-editor.default\">\n\t\t\t\t<div class=\"elementor-widget-container\">\n\t\t\t\t\t\t\tSh\u00e8ng f\u00e8id\u00edn\u00e1nd\u00e9 h\u00e9 g\u014dngj\u012b w\u00e1ngsh\u00ec q\u00edsh\u00ec tu\u00e1n x\u016bnzh\u0101ng y\u00fa 1800 ni\u00e1n 4 yu\u00e8 1 r\u00ec y\u00f3u n\u00e0b\u00f9l\u00e8s\u012b h\u00e9 x\u012bx\u012bl\u01d0 gu\u00f3w\u00e1ng f\u00e8id\u00edn\u00e1nd\u00e9 s\u00ec sh\u00ec sh\u00e8l\u00ec, zh\u01d0 z\u00e0i ji\u01cengl\u00ec n\u00e0xi\u0113 w\u00e8i w\u00e1ngsh\u00ec sh\u01d2un\u01ceo h\u00e9 w\u00e1ngsh\u00ec zu\u00f2 ch\u016b ch\u00f3ng y\u00e0o g\u00f2ngxi\u00e0n b\u00ecng bi\u01ceoxi\u00e0n ch\u016b f\u0113if\u00e1n zh\u014dngch\u00e9ng de r\u00e9nsh\u00ec.\n1810 Ni\u00e1n, gu\u00f3w\u00e1ng g\u01ceig\u00e9le q\u00ed f\u01cegu\u012b.\t\t\t\t\t\t<\/div>\n\t\t\t\t<\/div>\n\t\t\t\t\t<\/div>\n\t\t\t\t<\/div>\n\t\t\t\t<\/div>\n\t\t","protected":false},"excerpt":{"rendered":"<p>\u9a0e\u58eb\u5718 \u8056\u8cbb\u8fea\u5357\u5fb7\u548c\u529f\u7e3e\u738b\u5ba4\u9a0e\u58eb\u5718 \u8056\u8cbb\u8fea\u5357\u5fb7\u548c\u529f\u7e3e\u738b\u5ba4\u9a0e\u58eb\u5718 \u8056\u8cbb\u8fea\u5357\u5fb7\u548c\u529f\u7e3e\u5091\u51fa\u738b\u5ba4\u9a0e\u58eb\u5718 \u8056\u8cbb\u8fea\u5357\u5fb7\u548c\u529f [&hellip;]<\/p>\n","protected":false},"author":1,"featured_media":0,"parent":0,"menu_order":0,"comment_status":"closed","ping_status":"closed","template":"elementor_header_footer","meta":{"footnotes":""},"class_list":["post-1696","page","type-page","status-publish","hentry"],"yoast_head":"<!-- This site is optimized with the Yoast SEO plugin v23.4 - https:\/\/yoast.com\/wordpress\/plugins\/seo\/ -->\n<title>\u8056\u8cbb\u8fea\u5357\u5fb7\u548c\u529f\u7e3e\u5091\u51fa\u738b\u5ba4\u9a0e\u58eb\u5718<\/title>\n<meta name=\"description\" content=\"\u8056\u8cbb\u8fea\u5357\u5fb7\u548c\u529f\u7e3e\u738b\u5ba4\u9a0e\u58eb\u5718\u662f\u4e00\u500b\u53e4\u8001\u7684\u9a0e\u58eb\u5718\u3002\u77ad\u89e3\u6709\u95dc\u738b\u5ba4\u9a0e\u58eb\u5718\u7684\u66f4\u591a\u8cc7\u8a0a\" \/>\n<meta name=\"robots\" content=\"index, follow, max-snippet:-1, max-image-preview:large, max-video-preview:-1\" \/>\n<link rel=\"canonical\" href=\"https:\/\/royalhouseofbourbontwosicilies.com\/illustrious-royal-order-of-saint-ferdinand-and-merit\/\" \/>\n<meta property=\"og:locale\" content=\"zh_TW\" \/>\n<meta property=\"og:type\" content=\"article\" \/>\n<meta property=\"og:title\" content=\"\u8056\u8cbb\u8fea\u5357\u5fb7\u548c\u529f\u7e3e\u5091\u51fa\u738b\u5ba4\u9a0e\u58eb\u5718\" \/>\n<meta property=\"og:description\" content=\"\u8056\u8cbb\u8fea\u5357\u5fb7\u548c\u529f\u7e3e\u738b\u5ba4\u9a0e\u58eb\u5718\u662f\u4e00\u500b\u53e4\u8001\u7684\u9a0e\u58eb\u5718\u3002\u77ad\u89e3\u6709\u95dc\u738b\u5ba4\u9a0e\u58eb\u5718\u7684\u66f4\u591a\u8cc7\u8a0a\" \/>\n<meta property=\"og:url\" content=\"https:\/\/royalhouseofbourbontwosicilies.com\/illustrious-royal-order-of-saint-ferdinand-and-merit\/\" \/>\n<meta property=\"og:site_name\" content=\"Royal House of Bourbon Two Sicilies\" \/>\n<meta property=\"article:modified_time\" content=\"2024-10-04T17:02:02+00:00\" \/>\n<meta property=\"og:image\" content=\"http:\/\/royalhouseofbourbontwosicilies.com\/wp-content\/uploads\/2024\/08\/ordinei-cavallereschi-insigne-real-ordine-di-san-ferdinando-e-del-merito.jpg\" \/>\n<meta name=\"twitter:card\" content=\"summary_large_image\" \/>\n<meta name=\"twitter:label1\" content=\"\u9810\u4f30\u95b1\u8b80\u6642\u9593\" \/>\n\t<meta name=\"twitter:data1\" content=\"3 \u5206\u9418\" \/>\n<script type=\"application\/ld+json\" class=\"yoast-schema-graph\">{\"@context\":\"https:\/\/schema.org\",\"@graph\":[{\"@type\":\"WebPage\",\"@id\":\"https:\/\/royalhouseofbourbontwosicilies.com\/illustrious-royal-order-of-saint-ferdinand-and-merit\/\",\"url\":\"https:\/\/royalhouseofbourbontwosicilies.com\/illustrious-royal-order-of-saint-ferdinand-and-merit\/\",\"name\":\"\u8056\u8cbb\u8fea\u5357\u5fb7\u548c\u529f\u7e3e\u5091\u51fa\u738b\u5ba4\u9a0e\u58eb\u5718\",\"isPartOf\":{\"@id\":\"https:\/\/royalhouseofbourbontwosicilies.com\/#website\"},\"primaryImageOfPage\":{\"@id\":\"https:\/\/royalhouseofbourbontwosicilies.com\/illustrious-royal-order-of-saint-ferdinand-and-merit\/#primaryimage\"},\"image\":{\"@id\":\"https:\/\/royalhouseofbourbontwosicilies.com\/illustrious-royal-order-of-saint-ferdinand-and-merit\/#primaryimage\"},\"thumbnailUrl\":\"http:\/\/royalhouseofbourbontwosicilies.com\/wp-content\/uploads\/2024\/08\/ordinei-cavallereschi-insigne-real-ordine-di-san-ferdinando-e-del-merito.jpg\",\"datePublished\":\"2024-08-27T17:51:58+00:00\",\"dateModified\":\"2024-10-04T17:02:02+00:00\",\"description\":\"\u8056\u8cbb\u8fea\u5357\u5fb7\u548c\u529f\u7e3e\u738b\u5ba4\u9a0e\u58eb\u5718\u662f\u4e00\u500b\u53e4\u8001\u7684\u9a0e\u58eb\u5718\u3002\u77ad\u89e3\u6709\u95dc\u738b\u5ba4\u9a0e\u58eb\u5718\u7684\u66f4\u591a\u8cc7\u8a0a\",\"breadcrumb\":{\"@id\":\"https:\/\/royalhouseofbourbontwosicilies.com\/illustrious-royal-order-of-saint-ferdinand-and-merit\/#breadcrumb\"},\"inLanguage\":\"zh-TW\",\"potentialAction\":[{\"@type\":\"ReadAction\",\"target\":[\"https:\/\/royalhouseofbourbontwosicilies.com\/illustrious-royal-order-of-saint-ferdinand-and-merit\/\"]}]},{\"@type\":\"ImageObject\",\"inLanguage\":\"zh-TW\",\"@id\":\"https:\/\/royalhouseofbourbontwosicilies.com\/illustrious-royal-order-of-saint-ferdinand-and-merit\/#primaryimage\",\"url\":\"http:\/\/royalhouseofbourbontwosicilies.com\/wp-content\/uploads\/2024\/08\/ordinei-cavallereschi-insigne-real-ordine-di-san-ferdinando-e-del-merito.jpg\",\"contentUrl\":\"http:\/\/royalhouseofbourbontwosicilies.com\/wp-content\/uploads\/2024\/08\/ordinei-cavallereschi-insigne-real-ordine-di-san-ferdinando-e-del-merito.jpg\"},{\"@type\":\"BreadcrumbList\",\"@id\":\"https:\/\/royalhouseofbourbontwosicilies.com\/illustrious-royal-order-of-saint-ferdinand-and-merit\/#breadcrumb\",\"itemListElement\":[{\"@type\":\"ListItem\",\"position\":1,\"name\":\"Home\",\"item\":\"https:\/\/royalhouseofbourbontwosicilies.com\/\"},{\"@type\":\"ListItem\",\"position\":2,\"name\":\"\u8056\u8cbb\u8fea\u5357\u5fb7\u548c\u529f\u7e3e\u5091\u51fa\u738b\u5ba4\u9a0e\u58eb\u5718\"}]},{\"@type\":\"WebSite\",\"@id\":\"https:\/\/royalhouseofbourbontwosicilies.com\/#website\",\"url\":\"https:\/\/royalhouseofbourbontwosicilies.com\/\",\"name\":\"Royal House of Bourbon Two Sicilies\",\"description\":\"Royal Family\",\"publisher\":{\"@id\":\"https:\/\/royalhouseofbourbontwosicilies.com\/#organization\"},\"potentialAction\":[{\"@type\":\"SearchAction\",\"target\":{\"@type\":\"EntryPoint\",\"urlTemplate\":\"https:\/\/royalhouseofbourbontwosicilies.com\/?s={search_term_string}\"},\"query-input\":{\"@type\":\"PropertyValueSpecification\",\"valueRequired\":true,\"valueName\":\"search_term_string\"}}],\"inLanguage\":\"zh-TW\"},{\"@type\":\"Organization\",\"@id\":\"https:\/\/royalhouseofbourbontwosicilies.com\/#organization\",\"name\":\"Royal House of Bourbon Two Sicilies\",\"url\":\"https:\/\/royalhouseofbourbontwosicilies.com\/\",\"logo\":{\"@type\":\"ImageObject\",\"inLanguage\":\"zh-TW\",\"@id\":\"https:\/\/royalhouseofbourbontwosicilies.com\/#\/schema\/logo\/image\/\",\"url\":\"https:\/\/royalhouseofbourbontwosicilies.com\/wp-content\/uploads\/2024\/08\/logo-royal-house-of-bourbone-two-sicilies-2-300x80-1.png\",\"contentUrl\":\"https:\/\/royalhouseofbourbontwosicilies.com\/wp-content\/uploads\/2024\/08\/logo-royal-house-of-bourbone-two-sicilies-2-300x80-1.png\",\"width\":300,\"height\":80,\"caption\":\"Royal House of Bourbon Two Sicilies\"},\"image\":{\"@id\":\"https:\/\/royalhouseofbourbontwosicilies.com\/#\/schema\/logo\/image\/\"}}]}<\/script>\n<!-- \/ Yoast SEO plugin. -->","yoast_head_json":{"title":"\u8056\u8cbb\u8fea\u5357\u5fb7\u548c\u529f\u7e3e\u5091\u51fa\u738b\u5ba4\u9a0e\u58eb\u5718","description":"\u8056\u8cbb\u8fea\u5357\u5fb7\u548c\u529f\u7e3e\u738b\u5ba4\u9a0e\u58eb\u5718\u662f\u4e00\u500b\u53e4\u8001\u7684\u9a0e\u58eb\u5718\u3002\u77ad\u89e3\u6709\u95dc\u738b\u5ba4\u9a0e\u58eb\u5718\u7684\u66f4\u591a\u8cc7\u8a0a","robots":{"index":"index","follow":"follow","max-snippet":"max-snippet:-1","max-image-preview":"max-image-preview:large","max-video-preview":"max-video-preview:-1"},"canonical":"https:\/\/royalhouseofbourbontwosicilies.com\/illustrious-royal-order-of-saint-ferdinand-and-merit\/","og_locale":"zh_TW","og_type":"article","og_title":"\u8056\u8cbb\u8fea\u5357\u5fb7\u548c\u529f\u7e3e\u5091\u51fa\u738b\u5ba4\u9a0e\u58eb\u5718","og_description":"\u8056\u8cbb\u8fea\u5357\u5fb7\u548c\u529f\u7e3e\u738b\u5ba4\u9a0e\u58eb\u5718\u662f\u4e00\u500b\u53e4\u8001\u7684\u9a0e\u58eb\u5718\u3002\u77ad\u89e3\u6709\u95dc\u738b\u5ba4\u9a0e\u58eb\u5718\u7684\u66f4\u591a\u8cc7\u8a0a","og_url":"https:\/\/royalhouseofbourbontwosicilies.com\/illustrious-royal-order-of-saint-ferdinand-and-merit\/","og_site_name":"Royal House of Bourbon Two Sicilies","article_modified_time":"2024-10-04T17:02:02+00:00","og_image":[{"url":"http:\/\/royalhouseofbourbontwosicilies.com\/wp-content\/uploads\/2024\/08\/ordinei-cavallereschi-insigne-real-ordine-di-san-ferdinando-e-del-merito.jpg"}],"twitter_card":"summary_large_image","twitter_misc":{"\u9810\u4f30\u95b1\u8b80\u6642\u9593":"3 \u5206\u9418"},"schema":{"@context":"https:\/\/schema.org","@graph":[{"@type":"WebPage","@id":"https:\/\/royalhouseofbourbontwosicilies.com\/illustrious-royal-order-of-saint-ferdinand-and-merit\/","url":"https:\/\/royalhouseofbourbontwosicilies.com\/illustrious-royal-order-of-saint-ferdinand-and-merit\/","name":"\u8056\u8cbb\u8fea\u5357\u5fb7\u548c\u529f\u7e3e\u5091\u51fa\u738b\u5ba4\u9a0e\u58eb\u5718","isPartOf":{"@id":"https:\/\/royalhouseofbourbontwosicilies.com\/#website"},"primaryImageOfPage":{"@id":"https:\/\/royalhouseofbourbontwosicilies.com\/illustrious-royal-order-of-saint-ferdinand-and-merit\/#primaryimage"},"image":{"@id":"https:\/\/royalhouseofbourbontwosicilies.com\/illustrious-royal-order-of-saint-ferdinand-and-merit\/#primaryimage"},"thumbnailUrl":"http:\/\/royalhouseofbourbontwosicilies.com\/wp-content\/uploads\/2024\/08\/ordinei-cavallereschi-insigne-real-ordine-di-san-ferdinando-e-del-merito.jpg","datePublished":"2024-08-27T17:51:58+00:00","dateModified":"2024-10-04T17:02:02+00:00","description":"\u8056\u8cbb\u8fea\u5357\u5fb7\u548c\u529f\u7e3e\u738b\u5ba4\u9a0e\u58eb\u5718\u662f\u4e00\u500b\u53e4\u8001\u7684\u9a0e\u58eb\u5718\u3002\u77ad\u89e3\u6709\u95dc\u738b\u5ba4\u9a0e\u58eb\u5718\u7684\u66f4\u591a\u8cc7\u8a0a","breadcrumb":{"@id":"https:\/\/royalhouseofbourbontwosicilies.com\/illustrious-royal-order-of-saint-ferdinand-and-merit\/#breadcrumb"},"inLanguage":"zh-TW","potentialAction":[{"@type":"ReadAction","target":["https:\/\/royalhouseofbourbontwosicilies.com\/illustrious-royal-order-of-saint-ferdinand-and-merit\/"]}]},{"@type":"ImageObject","inLanguage":"zh-TW","@id":"https:\/\/royalhouseofbourbontwosicilies.com\/illustrious-royal-order-of-saint-ferdinand-and-merit\/#primaryimage","url":"http:\/\/royalhouseofbourbontwosicilies.com\/wp-content\/uploads\/2024\/08\/ordinei-cavallereschi-insigne-real-ordine-di-san-ferdinando-e-del-merito.jpg","contentUrl":"http:\/\/royalhouseofbourbontwosicilies.com\/wp-content\/uploads\/2024\/08\/ordinei-cavallereschi-insigne-real-ordine-di-san-ferdinando-e-del-merito.jpg"},{"@type":"BreadcrumbList","@id":"https:\/\/royalhouseofbourbontwosicilies.com\/illustrious-royal-order-of-saint-ferdinand-and-merit\/#breadcrumb","itemListElement":[{"@type":"ListItem","position":1,"name":"Home","item":"https:\/\/royalhouseofbourbontwosicilies.com\/"},{"@type":"ListItem","position":2,"name":"\u8056\u8cbb\u8fea\u5357\u5fb7\u548c\u529f\u7e3e\u5091\u51fa\u738b\u5ba4\u9a0e\u58eb\u5718"}]},{"@type":"WebSite","@id":"https:\/\/royalhouseofbourbontwosicilies.com\/#website","url":"https:\/\/royalhouseofbourbontwosicilies.com\/","name":"Royal House of Bourbon Two Sicilies","description":"Royal Family","publisher":{"@id":"https:\/\/royalhouseofbourbontwosicilies.com\/#organization"},"potentialAction":[{"@type":"SearchAction","target":{"@type":"EntryPoint","urlTemplate":"https:\/\/royalhouseofbourbontwosicilies.com\/?s={search_term_string}"},"query-input":{"@type":"PropertyValueSpecification","valueRequired":true,"valueName":"search_term_string"}}],"inLanguage":"zh-TW"},{"@type":"Organization","@id":"https:\/\/royalhouseofbourbontwosicilies.com\/#organization","name":"Royal House of Bourbon Two Sicilies","url":"https:\/\/royalhouseofbourbontwosicilies.com\/","logo":{"@type":"ImageObject","inLanguage":"zh-TW","@id":"https:\/\/royalhouseofbourbontwosicilies.com\/#\/schema\/logo\/image\/","url":"https:\/\/royalhouseofbourbontwosicilies.com\/wp-content\/uploads\/2024\/08\/logo-royal-house-of-bourbone-two-sicilies-2-300x80-1.png","contentUrl":"https:\/\/royalhouseofbourbontwosicilies.com\/wp-content\/uploads\/2024\/08\/logo-royal-house-of-bourbone-two-sicilies-2-300x80-1.png","width":300,"height":80,"caption":"Royal House of Bourbon Two Sicilies"},"image":{"@id":"https:\/\/royalhouseofbourbontwosicilies.com\/#\/schema\/logo\/image\/"}}]}},"_links":{"self":[{"href":"https:\/\/royalhouseofbourbontwosicilies.com\/zh-hant\/wp-json\/wp\/v2\/pages\/1696","targetHints":{"allow":["GET"]}}],"collection":[{"href":"https:\/\/royalhouseofbourbontwosicilies.com\/zh-hant\/wp-json\/wp\/v2\/pages"}],"about":[{"href":"https:\/\/royalhouseofbourbontwosicilies.com\/zh-hant\/wp-json\/wp\/v2\/types\/page"}],"author":[{"embeddable":true,"href":"https:\/\/royalhouseofbourbontwosicilies.com\/zh-hant\/wp-json\/wp\/v2\/users\/1"}],"replies":[{"embeddable":true,"href":"https:\/\/royalhouseofbourbontwosicilies.com\/zh-hant\/wp-json\/wp\/v2\/comments?post=1696"}],"version-history":[{"count":4,"href":"https:\/\/royalhouseofbourbontwosicilies.com\/zh-hant\/wp-json\/wp\/v2\/pages\/1696\/revisions"}],"predecessor-version":[{"id":2052,"href":"https:\/\/royalhouseofbourbontwosicilies.com\/zh-hant\/wp-json\/wp\/v2\/pages\/1696\/revisions\/2052"}],"wp:attachment":[{"href":"https:\/\/royalhouseofbourbontwosicilies.com\/zh-hant\/wp-json\/wp\/v2\/media?parent=1696"}],"curies":[{"name":"wp","href":"https:\/\/api.w.org\/{rel}","templated":true}]}}