{"id":1693,"date":"2024-08-27T17:49:16","date_gmt":"2024-08-27T17:49:16","guid":{"rendered":"https:\/\/royalhouseofbourbontwosicilies.com\/%e8%81%96%e8%b3%88%e5%8a%aa%e9%98%bf%e9%87%8c%e6%96%af%e5%82%91%e5%87%ba%e7%8e%8b%e5%ae%a4%e9%a8%8e%e5%a3%ab%e5%9c%98\/"},"modified":"2024-10-04T16:54:59","modified_gmt":"2024-10-04T16:54:59","slug":"%e8%81%96%e8%b3%88%e5%8a%aa%e9%98%bf%e9%87%8c%e6%96%af%e5%82%91%e5%87%ba%e7%8e%8b%e5%ae%a4%e9%a8%8e%e5%a3%ab%e5%9c%98","status":"publish","type":"page","link":"https:\/\/royalhouseofbourbontwosicilies.com\/zh-hant\/%e8%81%96%e8%b3%88%e5%8a%aa%e9%98%bf%e9%87%8c%e6%96%af%e5%82%91%e5%87%ba%e7%8e%8b%e5%ae%a4%e9%a8%8e%e5%a3%ab%e5%9c%98\/","title":{"rendered":"\u8056\u8cc8\u52aa\u963f\u91cc\u65af\u5091\u51fa\u738b\u5ba4\u9a0e\u58eb\u5718"},"content":{"rendered":"\t\t<div data-elementor-type=\"wp-page\" data-elementor-id=\"1693\" class=\"elementor elementor-1693 elementor-89\" data-elementor-post-type=\"page\">\n\t\t\t\t<div class=\"elementor-element elementor-element-3a7fb57 e-flex e-con-boxed e-con e-parent\" data-id=\"3a7fb57\" data-element_type=\"container\" data-settings=\"{&quot;background_background&quot;:&quot;classic&quot;}\">\n\t\t\t\t\t<div class=\"e-con-inner\">\n\t\t\t\t<div class=\"elementor-element elementor-element-c62469e elementor-widget elementor-widget-heading\" data-id=\"c62469e\" data-element_type=\"widget\" data-widget_type=\"heading.default\">\n\t\t\t\t<div class=\"elementor-widget-container\">\n\t\t\t<h2 class=\"elementor-heading-title elementor-size-default\">\u9a0e\u58eb\u5718<\/h2>\t\t<\/div>\n\t\t\t\t<\/div>\n\t\t\t\t\t<\/div>\n\t\t\t\t<\/div>\n\t\t<div class=\"elementor-element elementor-element-d25072e elementor-hidden-desktop elementor-hidden-tablet elementor-hidden-mobile e-flex e-con-boxed e-con e-parent\" data-id=\"d25072e\" data-element_type=\"container\">\n\t\t\t\t\t<div class=\"e-con-inner\">\n\t\t\t\t<div class=\"elementor-element elementor-element-ee382cb elementor-widget elementor-widget-text-editor\" data-id=\"ee382cb\" data-element_type=\"widget\" data-widget_type=\"text-editor.default\">\n\t\t\t\t<div class=\"elementor-widget-container\">\n\t\t\t\t\t\t\t\u8056\u8cc8\u52aa\u963f\u91cc\u65af\u738b\u5ba4\u9a0e\u58eb\u5718\t\t\t\t\t\t<\/div>\n\t\t\t\t<\/div>\n\t\t\t\t<div class=\"elementor-element elementor-element-63b361d elementor-widget elementor-widget-text-editor\" data-id=\"63b361d\" data-element_type=\"widget\" data-widget_type=\"text-editor.default\">\n\t\t\t\t<div class=\"elementor-widget-container\">\n\t\t\t\t\t\t\t<h2>\u8056\u8cc8\u52aa\u963f\u91cc\u65af\u738b\u5ba4\u9a0e\u58eb\u5718<\/h2>\t\t\t\t\t\t<\/div>\n\t\t\t\t<\/div>\n\t\t\t\t\t<\/div>\n\t\t\t\t<\/div>\n\t\t<div class=\"elementor-element elementor-element-0d6ae95 e-con-full e-flex e-con e-parent\" data-id=\"0d6ae95\" data-element_type=\"container\" data-settings=\"{&quot;background_background&quot;:&quot;classic&quot;}\">\n\t\t<div class=\"elementor-element elementor-element-c8c585b e-con-full e-flex e-con e-child\" data-id=\"c8c585b\" data-element_type=\"container\">\n\t\t\t\t<div class=\"elementor-element elementor-element-5c477b6 elementor-widget elementor-widget-heading\" data-id=\"5c477b6\" data-element_type=\"widget\" data-widget_type=\"heading.default\">\n\t\t\t\t<div class=\"elementor-widget-container\">\n\t\t\t<h2 class=\"elementor-heading-title elementor-size-default\">\u8056\u8cc8\u52aa\u963f\u91cc\u65af\u5091\u51fa\u738b\u5ba4\u9a0e\u58eb\u5718<\/h2>\t\t<\/div>\n\t\t\t\t<\/div>\n\t\t\t\t<div class=\"elementor-element elementor-element-0094221 elementor-widget elementor-widget-text-editor\" data-id=\"0094221\" data-element_type=\"widget\" data-widget_type=\"text-editor.default\">\n\t\t\t\t<div class=\"elementor-widget-container\">\n\t\t\t\t\t\t\t<p>1738 \u5e74 7 \u6708 3 \u65e5\uff0c\u90a3\u4e0d\u52d2\u65af\u548c\u897f\u897f\u91cc\u570b\u738b\u6ce2\u65c1\u7684\u590f\u723e\u5275\u7acb\u4e86\u8056\u8cc8\u52aa\u963f\u91cc\u65af\u5091\u51fa\u738b\u5ba4\u9a0e\u58eb\u5718\uff0c\u4ee5\u6176\u795d\u4ed6\u8207\u6ce2\u862d\u548c\u85a9\u514b\u68ee\u7684\u746a\u9e97\u4e9e\u00b7\u963f\u746a\u8389\u4e9e\u00b7\u6c83\u723e\u5e03\u52a0\u516c\u4e3b\u7684\u5a5a\u59fb\u3002<br \/>\u5b83\u662f\u6ce2\u65c1\u5169\u897f\u897f\u91cc\u738b\u5ba4\u7684\u9996\u500b\u9a0e\u58eb\u5718\uff0c\u65e8\u5728\u7d00\u5ff5\u90a3\u4e0d\u52d2\u65af\u7684\u5b88\u8b77\u795e\u3002<\/p>\t\t\t\t\t\t<\/div>\n\t\t\t\t<\/div>\n\t\t\t\t<\/div>\n\t\t<div class=\"elementor-element elementor-element-b1efdfd e-con-full e-flex e-con e-child\" data-id=\"b1efdfd\" data-element_type=\"container\">\n\t\t\t\t<div class=\"elementor-element elementor-element-f7ae0c8 elementor-widget elementor-widget-image\" data-id=\"f7ae0c8\" data-element_type=\"widget\" data-widget_type=\"image.default\">\n\t\t\t\t<div class=\"elementor-widget-container\">\n\t\t\t\t\t\t\t\t\t\t\t\t\t<img fetchpriority=\"high\" decoding=\"async\" width=\"600\" height=\"758\" src=\"https:\/\/royalhouseofbourbontwosicilies.com\/wp-content\/uploads\/2024\/08\/ordini-cavallereschi-insigne-real-ordine-di-san-gennaro.jpg\" class=\"attachment-full size-full wp-image-615\" alt=\"\" srcset=\"https:\/\/royalhouseofbourbontwosicilies.com\/wp-content\/uploads\/2024\/08\/ordini-cavallereschi-insigne-real-ordine-di-san-gennaro.jpg 600w, https:\/\/royalhouseofbourbontwosicilies.com\/wp-content\/uploads\/2024\/08\/ordini-cavallereschi-insigne-real-ordine-di-san-gennaro-237x300.jpg 237w\" sizes=\"(max-width: 600px) 100vw, 600px\" \/>\t\t\t\t\t\t\t\t\t\t\t\t\t<\/div>\n\t\t\t\t<\/div>\n\t\t\t\t<\/div>\n\t\t\t\t<\/div>\n\t\t<div class=\"elementor-element elementor-element-2adfcf64 e-flex e-con-boxed e-con e-parent\" data-id=\"2adfcf64\" data-element_type=\"container\">\n\t\t\t\t\t<div class=\"e-con-inner\">\n\t\t\t\t<div class=\"elementor-element elementor-element-9bafeaf elementor-widget elementor-widget-text-editor\" data-id=\"9bafeaf\" data-element_type=\"widget\" data-widget_type=\"text-editor.default\">\n\t\t\t\t<div class=\"elementor-widget-container\">\n\t\t\t\t\t\t\t<p>\u8a72\u9a0e\u58eb\u5718\u7684\u6210\u54e1\u50c5\u7531\u4e00\u7d1a\u9a0e\u58eb\u7d44\u6210\u3002\u52f3\u7ae0\u5f88\u5c11\u6388\u4e88\uff0c\u6700\u591a\u7531\u4e8c\u5341\u4f4d\u4fe1\u5949\u5929\u4e3b\u6559\u4fe1\u4ef0\u7684\u5091\u51fa\u7d33\u58eb\u7d44\u6210\u3002\u50b3\u7d71\u4e0a\uff0c\u6210\u54e1\u4f86\u81ea\u6b50\u6d32\u738b\u5ba4\u548c\u5169\u897f\u897f\u91cc\u7684\u9ad8\u7d1a\u8cb4\u65cf\u3002\u6ce2\u65c1\u5169\u897f\u897f\u91cc\u738b\u5ba4\u7684\u738b\u5b50\u88ab\u8996\u70ba\u300c\u7de8\u5916\u300d\u9a0e\u58eb\u3002<\/p><p>\u8a72\u9a0e\u58eb\u5718\u662f\u4e00\u500b\u7f85\u99ac\u5929\u4e3b\u6559\u6a5f\u69cb\uff0c\u65e8\u5728\u57f9\u990a\u771f\u6b63\u7684\u9a0e\u58eb\u7cbe\u795e\u548c\u57fa\u7763\u6559\u5144\u5f1f\u60c5\u8abc\u3002\u5b83\u7684\u4e3b\u8981\u8077\u8cac\u662f\u300c\u4e0d\u60dc\u4e00\u5207\u4ee3\u50f9\u589e\u5f37\u795e\u8056\u5b97\u6559\u300d\u548c\u300c\u826f\u6027\u904b\u4f5c\u300d\uff0c\u6210\u70ba\u300c\u8654\u8aa0\u4e0a\u5e1d\u548c\u5fe0\u8aa0\u738b\u5b50\u7684\u82f1\u96c4\u5178\u7bc4\u300d\u3002<\/p><p>\u88dd\u98fe\u7531\u4e00\u500b\u5e36\u6709\u56db\u500b\u91d1\u908a\u53c9\u81c2\u7684\u5341\u5b57\u67b6\u7d44\u6210\uff0c\u5468\u570d\u9472\u6709\u767d\u8272\u743a\u746f\uff0c\u7d05\u8272\u743a\u746f\u706b\u7130\u7684\u908a\u7de3\u662f\u56db\u6735\u91d1\u8272\u767e\u5408\u82b1\u3002\u6b63\u9762\u662f\u8056\u8cc8\u52aa\u963f\u91cc\u65af\u7684\u5f62\u8c61\uff0c\u9084\u6709\u8056\u74f6\u548c\u7530\u5712\u8a69\uff0c\u63a1\u7528\u91d1\u8272\u3001\u767d\u8272\u3001\u7d05\u8272\u3001\u85cd\u8272\u548c\u7da0\u8272\u743a\u746f\u88fd\u6210\uff1b\u80cc\u9762\u4e2d\u9593\u662f\u91d1\u8272\u548c\u7d05\u8272\u743a\u746f\u7684\u8056\u74f6\uff0c\u653e\u5728\u4e00\u672c\u91d1\u8272\u7684\u798f\u97f3\u66f8\u4e0a\uff0c\u5468\u570d\u6709\u5169\u96bb\u7da0\u8272\u743a\u746f\u7684\u624b\u638c\u3002\u7d72\u5e36\u662f\u7d05\u8272\u7684\uff0c\u6416\u64fa\u8457\u3002\u9298\u6587\u662f\u300cIN SANGUINE FOEDUS\u300d\u3002<\/p><p><strong>\u5927\u5718\u9577<\/strong>\u662f<strong><a href=\"https:\/\/royalhouseofbourbontwosicilies.com\/zh-hant\/%e6%b3%a2%e6%97%81%e5%85%a9%e8%a5%bf%e8%a5%bf%e9%87%8c%e7%9a%84%e5%a4%8f%e7%88%be%e7%8e%8b%e5%ad%90%e6%ae%bf%e4%b8%8b\/\">\u6ce2\u65c1\u5169\u897f\u897f\u91cc\u7684\u590f\u723e\u738b\u5b50\u6bbf\u4e0b<\/a>\uff0c\u5361\u65af\u695a\u516c\u7235<\/strong>\u3002<\/p><p>\u77ad\u89e3\u6709\u95dc<span style=\"color: var( --e-global-color-text ); text-align: var(--text-align);\">\u6ce2\u65c1\u5169\u897f\u897f\u91cc\u738b\u5ba4\u6b77\u53f2\u7684\u66f4\u591a\u8cc7\u8a0a\uff0c\u6309\u4e00\u4e0b<a href=\"https:\/\/realcasadiborbone.it\/en\/history\" target=\"_blank\" rel=\"noopener\">\u9019\u88e1<\/a><\/span><\/p>\t\t\t\t\t\t<\/div>\n\t\t\t\t<\/div>\n\t\t\t\t\t<\/div>\n\t\t\t\t<\/div>\n\t\t<div class=\"elementor-element elementor-element-b4912f6 elementor-hidden-desktop elementor-hidden-tablet elementor-hidden-mobile e-flex e-con-boxed e-con e-parent\" data-id=\"b4912f6\" data-element_type=\"container\">\n\t\t\t\t\t<div class=\"e-con-inner\">\n\t\t\t\t<div class=\"elementor-element elementor-element-fe89855 elementor-widget elementor-widget-text-editor\" data-id=\"fe89855\" data-element_type=\"widget\" data-widget_type=\"text-editor.default\">\n\t\t\t\t<div class=\"elementor-widget-container\">\n\t\t\t\t\t\t\t1738 Ni\u00e1n 7 yu\u00e8 3 r\u00ec, n\u00e0b\u00f9l\u00e8s\u012b h\u00e9 x\u012bx\u012bl\u01d0 gu\u00f3w\u00e1ng b\u014d p\u00e1ng de xi\u00e0 \u011br chu\u00e0ngl\u00ecle sh\u00e8ng ji\u01ce n\u01d4 \u0101l\u01d0 s\u012b ji\u00e9ch\u016b w\u00e1ngsh\u00ec q\u00edsh\u00ec tu\u00e1n, y\u01d0 q\u00ecngzh\u00f9 t\u0101 y\u01d4 b\u014dl\u00e1n h\u00e9 s\u00e0k\u00e8s\u0113n de m\u01cel\u00ecy\u00e0\u00b7\u0101 m\u01ce l\u00ec y\u00e0\u00b7w\u00f2 \u0113r b\u00f9 ji\u0101 g\u014dngzh\u01d4 de h\u016bny\u012bn.\nT\u0101 sh\u00ec b\u014d p\u00e1ng li\u01ceng x\u012bx\u012bl\u01d0 w\u00e1ngsh\u00ec de sh\u01d2u g\u00e8 q\u00edsh\u00ec tu\u00e1n, zh\u01d0 z\u00e0i j\u00ecni\u00e0n n\u00e0b\u00f9l\u00e8s\u012b de sh\u01d2uh\u00f9sh\u00e9n.\t\t\t\t\t\t<\/div>\n\t\t\t\t<\/div>\n\t\t\t\t<div class=\"elementor-element elementor-element-7d19a0e elementor-widget elementor-widget-text-editor\" data-id=\"7d19a0e\" data-element_type=\"widget\" data-widget_type=\"text-editor.default\">\n\t\t\t\t<div class=\"elementor-widget-container\">\n\t\t\t\t\t\t\t<p>g\u0101i q\u00edsh\u00ec tu\u00e1nde ch\u00e9ngyu\u00e1n j\u01d0ny\u00f3u y\u012bj\u00ed q\u00edsh\u00ec z\u01d4ch\u00e9ng\u3002 x\u016bnzh\u0101ng h\u011bnsh\u01ceo sh\u00f2uy\u01d4 \uff0c zu\u00ec du\u014dy\u00f3u \u00e8r sh\u00edw\u00e8i x\u00ecnf\u00e8ng ti\u0101nzh\u01d4ji\u00e0o x\u00ecny\u01ceng de ji\u00e9ch\u016b sh\u0113nsh\u00ec z\u01d4ch\u00e9ng\u3002 chu\u00e1nt\u01d2ng sh\u00e0ng \uff0c ch\u00e9ngyu\u00e1n l\u00e1iz\u00ec \u014duzh\u014du w\u00e1ngsh\u00ec h\u00e9 li\u01ceng x\u012bx\u012bl\u01d0 de g\u0101oj\u00ed gu\u00ecz\u00fa\u3002 b\u014dp\u00e1ng li\u01ceng x\u012bx\u012bl\u01d0 w\u00e1ngsh\u00ec de w\u00e1ngz\u01d0 b\u00e8i sh\u00ec w\u00e9i \u300c\u7de8w\u00e0i\u300d\u9a0esh\u00ec\u3002<\/p><p>g\u0101i q\u00edsh\u00ectu\u00e1n sh\u00ecy\u00edg\u00e8 lu\u00f3m\u01ceti\u0101nzh\u01d4ji\u00e0o j\u012bg\u00f2u \uff0c zh\u01d0z\u00e0i p\u00e9iy\u01ceng zh\u0113nzh\u00e8ngde q\u00edsh\u00ec j\u012bng sh\u00e9nh\u00e9 j\u012bd\u016bji\u00e0o xi\u014dngd\u00ec q\u00edngy\u00ec\u3002 t\u0101de zh\u01d4y\u00e0o zh\u00edz\u00e9 sh\u00ec \u300c b\u00f9x\u012by\u00edqi\u00e8 d\u00e0iji\u00e0 z\u0113ngqi\u00e1ng sh\u00e9nsh\u00e8ng z\u014dngji\u00e0o \u300dh\u00e9\u300c li\u00e1ngx\u00ecng y\u00f9nzu\u00f2 \u300d\uff0cch\u00e9ng\u70ba\u300c qi\u00e1nch\u00e9ng sh\u00e0ngd\u00ec h\u00e9 zh\u014dngch\u00e9ng w\u00e1ngz\u01d0 de y\u012bngxi\u00f3ng di\u01cenf\u00e0n \u300d\u3002<\/p><p>zhu\u0101ngsh\u00ec y\u00f3u y\u00edg\u00e8 d\u00e0i y\u01d2us\u00ecg\u00e8 j\u012bnbi\u0101n ch\u0101 b\u00ec de sh\u00edz\u00ecji\u00e0 z\u01d4ch\u00e9ng \uff0c zh\u014duw\u00e9i r\u00e1ng y\u01d2u b\u00e1is\u00e8 f\u00e0l\u00e1ng \uff0c h\u00f3ngs\u00e8 f\u00e0l\u00e1ng hu\u01d2y\u00e0n de bi\u0101nyu\u00e1n sh\u00ec s\u00ec du\u01d2 j\u012bns\u00e8 b\u01ceih\u00e9hu\u0101\u3002 zh\u00e8ngmi\u00e0n sh\u00ec sh\u00e8ng g\u01d4 n\u01d4 \u0101l\u01d0s\u012b de x\u00edngxi\u00e0ng \uff0c h\u00e1iy\u01d2u sh\u00e8ng p\u00edng h\u00e9 ti\u00e1nyu\u00e1nsh\u012b \uff0c\u63a1y\u00f2ngj\u012bns\u00e8\u3001 b\u00e1is\u00e8 \u3001 h\u00f3ngs\u00e8 \u3001 l\u00e1ns\u00e8 h\u00e9 l\u01dcs\u00e8 f\u00e0l\u00e1ng zh\u00ecch\u00e9ng\uff1b b\u00e8imi\u00e0n zh\u014dngji\u0101n sh\u00ec j\u012bns\u00e8 h\u00e9 h\u00f3ngs\u00e8 f\u00e0l\u00e1ng de sh\u00e8ng p\u00edng \uff0c f\u00e0ngz\u00e0i y\u00ecb\u011bn j\u012bns\u00e8 de f\u00fay\u012bn sh\u016bsh\u00e0ng \uff0c zh\u014duw\u00e9i y\u01d2u li\u01cengzh\u012b l\u01dcs\u00e8 f\u00e0l\u00e1ng de sh\u01d2uzh\u01ceng\u3002 s\u012bd\u00e0i sh\u00ec h\u00f3ngs\u00e8 de \uff0c\u6416\u64fazh\u00f9\u3002 m\u00edngw\u00e9n sh\u00ec \u300cINSANGUINEFOEDUS\u300d\u3002<\/p><p>d\u00e0 tu\u00e1nzh\u01ceng sh\u00ec b\u014dp\u00e1ng li\u01ceng x\u012bx\u012bl\u01d0 de xi\u00e0\u011br w\u00e1ngz\u01d0di\u00e0nxi\u00e0 \uff0ck\u01ces\u012bch\u01d4g\u014dngju\u00e9\u3002<\/p><p>li\u01ceoji\u011b y\u01d2ugu\u0101n b\u014dp\u00e1ng li\u01ceng x\u012bx\u012bl\u01d0 w\u00e1ngsh\u00ec l\u00ecsh\u01d0 de g\u00e8ngdu\u014d z\u012bx\u00f9n \uff0c \u00e0ny\u00edxi\u00e0 zh\u00e8l\u01d0<\/p>\t\t\t\t\t\t<\/div>\n\t\t\t\t<\/div>\n\t\t\t\t\t<\/div>\n\t\t\t\t<\/div>\n\t\t\t\t<\/div>\n\t\t","protected":false},"excerpt":{"rendered":"<p>\u9a0e\u58eb\u5718 \u8056\u8cc8\u52aa\u963f\u91cc\u65af\u738b\u5ba4\u9a0e\u58eb\u5718 \u8056\u8cc8\u52aa\u963f\u91cc\u65af\u738b\u5ba4\u9a0e\u58eb\u5718 \u8056\u8cc8\u52aa\u963f\u91cc\u65af\u5091\u51fa\u738b\u5ba4\u9a0e\u58eb\u5718 1738 \u5e74 7 \u6708 3  [&hellip;]<\/p>\n","protected":false},"author":1,"featured_media":0,"parent":0,"menu_order":0,"comment_status":"closed","ping_status":"closed","template":"elementor_header_footer","meta":{"footnotes":""},"class_list":["post-1693","page","type-page","status-publish","hentry"],"yoast_head":"<!-- This site is optimized with the Yoast SEO plugin v23.4 - https:\/\/yoast.com\/wordpress\/plugins\/seo\/ -->\n<title>\u8056\u8cc8\u52aa\u963f\u91cc\u65af\u738b\u5ba4\u9a0e\u58eb\u5718<\/title>\n<meta name=\"description\" content=\"\u8056\u8cc8\u52aa\u963f\u91cc\u65af\u738b\u5ba4\u9a0e\u58eb\u5718\u662f\u4e00\u500b\u53e4\u8001\u4e14\u570b\u969b\u516c\u8a8d\u7684\u9a0e\u58eb\u5718\u3002\u77ad\u89e3\u6709\u95dc\u738b\u5ba4\u9a0e\u58eb\u5718\u7684\u66f4\u591a\u8cc7\u8a0a\" \/>\n<meta name=\"robots\" content=\"index, follow, max-snippet:-1, max-image-preview:large, max-video-preview:-1\" \/>\n<link rel=\"canonical\" href=\"https:\/\/royalhouseofbourbontwosicilies.com\/illustrious-royal-order-of-saint-januarius\/\" \/>\n<meta property=\"og:locale\" content=\"zh_TW\" \/>\n<meta property=\"og:type\" content=\"article\" \/>\n<meta property=\"og:title\" content=\"\u8056\u8cc8\u52aa\u963f\u91cc\u65af\u738b\u5ba4\u9a0e\u58eb\u5718\" \/>\n<meta property=\"og:description\" content=\"\u8056\u8cc8\u52aa\u963f\u91cc\u65af\u738b\u5ba4\u9a0e\u58eb\u5718\u662f\u4e00\u500b\u53e4\u8001\u4e14\u570b\u969b\u516c\u8a8d\u7684\u9a0e\u58eb\u5718\u3002\u77ad\u89e3\u6709\u95dc\u738b\u5ba4\u9a0e\u58eb\u5718\u7684\u66f4\u591a\u8cc7\u8a0a\" \/>\n<meta property=\"og:url\" content=\"https:\/\/royalhouseofbourbontwosicilies.com\/illustrious-royal-order-of-saint-januarius\/\" \/>\n<meta property=\"og:site_name\" content=\"Royal House of Bourbon Two Sicilies\" \/>\n<meta property=\"article:modified_time\" content=\"2024-10-04T16:54:59+00:00\" \/>\n<meta property=\"og:image\" content=\"http:\/\/royalhouseofbourbontwosicilies.com\/wp-content\/uploads\/2024\/08\/ordini-cavallereschi-insigne-real-ordine-di-san-gennaro.jpg\" \/>\n<meta name=\"twitter:card\" content=\"summary_large_image\" \/>\n<meta name=\"twitter:label1\" content=\"\u9810\u4f30\u95b1\u8b80\u6642\u9593\" \/>\n\t<meta name=\"twitter:data1\" content=\"2 \u5206\u9418\" \/>\n<script type=\"application\/ld+json\" class=\"yoast-schema-graph\">{\"@context\":\"https:\/\/schema.org\",\"@graph\":[{\"@type\":\"WebPage\",\"@id\":\"https:\/\/royalhouseofbourbontwosicilies.com\/illustrious-royal-order-of-saint-januarius\/\",\"url\":\"https:\/\/royalhouseofbourbontwosicilies.com\/illustrious-royal-order-of-saint-januarius\/\",\"name\":\"\u8056\u8cc8\u52aa\u963f\u91cc\u65af\u738b\u5ba4\u9a0e\u58eb\u5718\",\"isPartOf\":{\"@id\":\"https:\/\/royalhouseofbourbontwosicilies.com\/#website\"},\"primaryImageOfPage\":{\"@id\":\"https:\/\/royalhouseofbourbontwosicilies.com\/illustrious-royal-order-of-saint-januarius\/#primaryimage\"},\"image\":{\"@id\":\"https:\/\/royalhouseofbourbontwosicilies.com\/illustrious-royal-order-of-saint-januarius\/#primaryimage\"},\"thumbnailUrl\":\"http:\/\/royalhouseofbourbontwosicilies.com\/wp-content\/uploads\/2024\/08\/ordini-cavallereschi-insigne-real-ordine-di-san-gennaro.jpg\",\"datePublished\":\"2024-08-27T17:49:16+00:00\",\"dateModified\":\"2024-10-04T16:54:59+00:00\",\"description\":\"\u8056\u8cc8\u52aa\u963f\u91cc\u65af\u738b\u5ba4\u9a0e\u58eb\u5718\u662f\u4e00\u500b\u53e4\u8001\u4e14\u570b\u969b\u516c\u8a8d\u7684\u9a0e\u58eb\u5718\u3002\u77ad\u89e3\u6709\u95dc\u738b\u5ba4\u9a0e\u58eb\u5718\u7684\u66f4\u591a\u8cc7\u8a0a\",\"breadcrumb\":{\"@id\":\"https:\/\/royalhouseofbourbontwosicilies.com\/illustrious-royal-order-of-saint-januarius\/#breadcrumb\"},\"inLanguage\":\"zh-TW\",\"potentialAction\":[{\"@type\":\"ReadAction\",\"target\":[\"https:\/\/royalhouseofbourbontwosicilies.com\/illustrious-royal-order-of-saint-januarius\/\"]}]},{\"@type\":\"ImageObject\",\"inLanguage\":\"zh-TW\",\"@id\":\"https:\/\/royalhouseofbourbontwosicilies.com\/illustrious-royal-order-of-saint-januarius\/#primaryimage\",\"url\":\"http:\/\/royalhouseofbourbontwosicilies.com\/wp-content\/uploads\/2024\/08\/ordini-cavallereschi-insigne-real-ordine-di-san-gennaro.jpg\",\"contentUrl\":\"http:\/\/royalhouseofbourbontwosicilies.com\/wp-content\/uploads\/2024\/08\/ordini-cavallereschi-insigne-real-ordine-di-san-gennaro.jpg\"},{\"@type\":\"BreadcrumbList\",\"@id\":\"https:\/\/royalhouseofbourbontwosicilies.com\/illustrious-royal-order-of-saint-januarius\/#breadcrumb\",\"itemListElement\":[{\"@type\":\"ListItem\",\"position\":1,\"name\":\"Home\",\"item\":\"https:\/\/royalhouseofbourbontwosicilies.com\/\"},{\"@type\":\"ListItem\",\"position\":2,\"name\":\"\u8056\u8cc8\u52aa\u963f\u91cc\u65af\u5091\u51fa\u738b\u5ba4\u9a0e\u58eb\u5718\"}]},{\"@type\":\"WebSite\",\"@id\":\"https:\/\/royalhouseofbourbontwosicilies.com\/#website\",\"url\":\"https:\/\/royalhouseofbourbontwosicilies.com\/\",\"name\":\"Royal House of Bourbon Two Sicilies\",\"description\":\"Royal Family\",\"publisher\":{\"@id\":\"https:\/\/royalhouseofbourbontwosicilies.com\/#organization\"},\"potentialAction\":[{\"@type\":\"SearchAction\",\"target\":{\"@type\":\"EntryPoint\",\"urlTemplate\":\"https:\/\/royalhouseofbourbontwosicilies.com\/?s={search_term_string}\"},\"query-input\":{\"@type\":\"PropertyValueSpecification\",\"valueRequired\":true,\"valueName\":\"search_term_string\"}}],\"inLanguage\":\"zh-TW\"},{\"@type\":\"Organization\",\"@id\":\"https:\/\/royalhouseofbourbontwosicilies.com\/#organization\",\"name\":\"Royal House of Bourbon Two Sicilies\",\"url\":\"https:\/\/royalhouseofbourbontwosicilies.com\/\",\"logo\":{\"@type\":\"ImageObject\",\"inLanguage\":\"zh-TW\",\"@id\":\"https:\/\/royalhouseofbourbontwosicilies.com\/#\/schema\/logo\/image\/\",\"url\":\"https:\/\/royalhouseofbourbontwosicilies.com\/wp-content\/uploads\/2024\/08\/logo-royal-house-of-bourbone-two-sicilies-2-300x80-1.png\",\"contentUrl\":\"https:\/\/royalhouseofbourbontwosicilies.com\/wp-content\/uploads\/2024\/08\/logo-royal-house-of-bourbone-two-sicilies-2-300x80-1.png\",\"width\":300,\"height\":80,\"caption\":\"Royal House of Bourbon Two Sicilies\"},\"image\":{\"@id\":\"https:\/\/royalhouseofbourbontwosicilies.com\/#\/schema\/logo\/image\/\"}}]}<\/script>\n<!-- \/ Yoast SEO plugin. -->","yoast_head_json":{"title":"\u8056\u8cc8\u52aa\u963f\u91cc\u65af\u738b\u5ba4\u9a0e\u58eb\u5718","description":"\u8056\u8cc8\u52aa\u963f\u91cc\u65af\u738b\u5ba4\u9a0e\u58eb\u5718\u662f\u4e00\u500b\u53e4\u8001\u4e14\u570b\u969b\u516c\u8a8d\u7684\u9a0e\u58eb\u5718\u3002\u77ad\u89e3\u6709\u95dc\u738b\u5ba4\u9a0e\u58eb\u5718\u7684\u66f4\u591a\u8cc7\u8a0a","robots":{"index":"index","follow":"follow","max-snippet":"max-snippet:-1","max-image-preview":"max-image-preview:large","max-video-preview":"max-video-preview:-1"},"canonical":"https:\/\/royalhouseofbourbontwosicilies.com\/illustrious-royal-order-of-saint-januarius\/","og_locale":"zh_TW","og_type":"article","og_title":"\u8056\u8cc8\u52aa\u963f\u91cc\u65af\u738b\u5ba4\u9a0e\u58eb\u5718","og_description":"\u8056\u8cc8\u52aa\u963f\u91cc\u65af\u738b\u5ba4\u9a0e\u58eb\u5718\u662f\u4e00\u500b\u53e4\u8001\u4e14\u570b\u969b\u516c\u8a8d\u7684\u9a0e\u58eb\u5718\u3002\u77ad\u89e3\u6709\u95dc\u738b\u5ba4\u9a0e\u58eb\u5718\u7684\u66f4\u591a\u8cc7\u8a0a","og_url":"https:\/\/royalhouseofbourbontwosicilies.com\/illustrious-royal-order-of-saint-januarius\/","og_site_name":"Royal House of Bourbon Two Sicilies","article_modified_time":"2024-10-04T16:54:59+00:00","og_image":[{"url":"http:\/\/royalhouseofbourbontwosicilies.com\/wp-content\/uploads\/2024\/08\/ordini-cavallereschi-insigne-real-ordine-di-san-gennaro.jpg"}],"twitter_card":"summary_large_image","twitter_misc":{"\u9810\u4f30\u95b1\u8b80\u6642\u9593":"2 \u5206\u9418"},"schema":{"@context":"https:\/\/schema.org","@graph":[{"@type":"WebPage","@id":"https:\/\/royalhouseofbourbontwosicilies.com\/illustrious-royal-order-of-saint-januarius\/","url":"https:\/\/royalhouseofbourbontwosicilies.com\/illustrious-royal-order-of-saint-januarius\/","name":"\u8056\u8cc8\u52aa\u963f\u91cc\u65af\u738b\u5ba4\u9a0e\u58eb\u5718","isPartOf":{"@id":"https:\/\/royalhouseofbourbontwosicilies.com\/#website"},"primaryImageOfPage":{"@id":"https:\/\/royalhouseofbourbontwosicilies.com\/illustrious-royal-order-of-saint-januarius\/#primaryimage"},"image":{"@id":"https:\/\/royalhouseofbourbontwosicilies.com\/illustrious-royal-order-of-saint-januarius\/#primaryimage"},"thumbnailUrl":"http:\/\/royalhouseofbourbontwosicilies.com\/wp-content\/uploads\/2024\/08\/ordini-cavallereschi-insigne-real-ordine-di-san-gennaro.jpg","datePublished":"2024-08-27T17:49:16+00:00","dateModified":"2024-10-04T16:54:59+00:00","description":"\u8056\u8cc8\u52aa\u963f\u91cc\u65af\u738b\u5ba4\u9a0e\u58eb\u5718\u662f\u4e00\u500b\u53e4\u8001\u4e14\u570b\u969b\u516c\u8a8d\u7684\u9a0e\u58eb\u5718\u3002\u77ad\u89e3\u6709\u95dc\u738b\u5ba4\u9a0e\u58eb\u5718\u7684\u66f4\u591a\u8cc7\u8a0a","breadcrumb":{"@id":"https:\/\/royalhouseofbourbontwosicilies.com\/illustrious-royal-order-of-saint-januarius\/#breadcrumb"},"inLanguage":"zh-TW","potentialAction":[{"@type":"ReadAction","target":["https:\/\/royalhouseofbourbontwosicilies.com\/illustrious-royal-order-of-saint-januarius\/"]}]},{"@type":"ImageObject","inLanguage":"zh-TW","@id":"https:\/\/royalhouseofbourbontwosicilies.com\/illustrious-royal-order-of-saint-januarius\/#primaryimage","url":"http:\/\/royalhouseofbourbontwosicilies.com\/wp-content\/uploads\/2024\/08\/ordini-cavallereschi-insigne-real-ordine-di-san-gennaro.jpg","contentUrl":"http:\/\/royalhouseofbourbontwosicilies.com\/wp-content\/uploads\/2024\/08\/ordini-cavallereschi-insigne-real-ordine-di-san-gennaro.jpg"},{"@type":"BreadcrumbList","@id":"https:\/\/royalhouseofbourbontwosicilies.com\/illustrious-royal-order-of-saint-januarius\/#breadcrumb","itemListElement":[{"@type":"ListItem","position":1,"name":"Home","item":"https:\/\/royalhouseofbourbontwosicilies.com\/"},{"@type":"ListItem","position":2,"name":"\u8056\u8cc8\u52aa\u963f\u91cc\u65af\u5091\u51fa\u738b\u5ba4\u9a0e\u58eb\u5718"}]},{"@type":"WebSite","@id":"https:\/\/royalhouseofbourbontwosicilies.com\/#website","url":"https:\/\/royalhouseofbourbontwosicilies.com\/","name":"Royal House of Bourbon Two Sicilies","description":"Royal Family","publisher":{"@id":"https:\/\/royalhouseofbourbontwosicilies.com\/#organization"},"potentialAction":[{"@type":"SearchAction","target":{"@type":"EntryPoint","urlTemplate":"https:\/\/royalhouseofbourbontwosicilies.com\/?s={search_term_string}"},"query-input":{"@type":"PropertyValueSpecification","valueRequired":true,"valueName":"search_term_string"}}],"inLanguage":"zh-TW"},{"@type":"Organization","@id":"https:\/\/royalhouseofbourbontwosicilies.com\/#organization","name":"Royal House of Bourbon Two Sicilies","url":"https:\/\/royalhouseofbourbontwosicilies.com\/","logo":{"@type":"ImageObject","inLanguage":"zh-TW","@id":"https:\/\/royalhouseofbourbontwosicilies.com\/#\/schema\/logo\/image\/","url":"https:\/\/royalhouseofbourbontwosicilies.com\/wp-content\/uploads\/2024\/08\/logo-royal-house-of-bourbone-two-sicilies-2-300x80-1.png","contentUrl":"https:\/\/royalhouseofbourbontwosicilies.com\/wp-content\/uploads\/2024\/08\/logo-royal-house-of-bourbone-two-sicilies-2-300x80-1.png","width":300,"height":80,"caption":"Royal House of Bourbon Two Sicilies"},"image":{"@id":"https:\/\/royalhouseofbourbontwosicilies.com\/#\/schema\/logo\/image\/"}}]}},"_links":{"self":[{"href":"https:\/\/royalhouseofbourbontwosicilies.com\/zh-hant\/wp-json\/wp\/v2\/pages\/1693","targetHints":{"allow":["GET"]}}],"collection":[{"href":"https:\/\/royalhouseofbourbontwosicilies.com\/zh-hant\/wp-json\/wp\/v2\/pages"}],"about":[{"href":"https:\/\/royalhouseofbourbontwosicilies.com\/zh-hant\/wp-json\/wp\/v2\/types\/page"}],"author":[{"embeddable":true,"href":"https:\/\/royalhouseofbourbontwosicilies.com\/zh-hant\/wp-json\/wp\/v2\/users\/1"}],"replies":[{"embeddable":true,"href":"https:\/\/royalhouseofbourbontwosicilies.com\/zh-hant\/wp-json\/wp\/v2\/comments?post=1693"}],"version-history":[{"count":10,"href":"https:\/\/royalhouseofbourbontwosicilies.com\/zh-hant\/wp-json\/wp\/v2\/pages\/1693\/revisions"}],"predecessor-version":[{"id":2049,"href":"https:\/\/royalhouseofbourbontwosicilies.com\/zh-hant\/wp-json\/wp\/v2\/pages\/1693\/revisions\/2049"}],"wp:attachment":[{"href":"https:\/\/royalhouseofbourbontwosicilies.com\/zh-hant\/wp-json\/wp\/v2\/media?parent=1693"}],"curies":[{"name":"wp","href":"https:\/\/api.w.org\/{rel}","templated":true}]}}